{"id":24535,"date":"2024-10-22T09:53:40","date_gmt":"2024-10-22T09:53:40","guid":{"rendered":"https:\/\/plaat.es\/contacte\/"},"modified":"2026-01-28T08:38:28","modified_gmt":"2026-01-28T08:38:28","slug":"contacte","status":"publish","type":"page","link":"https:\/\/plaat.es\/ca\/contacte\/","title":{"rendered":"Contacte"},"content":{"rendered":"\t\t<div data-elementor-type=\"wp-page\" data-elementor-id=\"24535\" class=\"elementor elementor-24535 elementor-23541\" data-elementor-post-type=\"page\">\n\t\t\t\t<div class=\"elementor-element elementor-element-5f693189 e-con-full e-flex e-con e-parent\" data-id=\"5f693189\" data-element_type=\"container\" data-e-type=\"container\" data-settings=\"{&quot;background_background&quot;:&quot;classic&quot;}\">\n\t\t\t\t<\/div>\n\t\t<div class=\"elementor-element elementor-element-3db247b5 e-flex e-con-boxed e-con e-parent\" data-id=\"3db247b5\" data-element_type=\"container\" data-e-type=\"container\">\n\t\t\t\t\t<div class=\"e-con-inner\">\n\t\t<div class=\"elementor-element elementor-element-65275ed8 e-con-full e-flex e-con e-child\" data-id=\"65275ed8\" data-element_type=\"container\" data-e-type=\"container\">\n\t\t\t\t<div class=\"elementor-element elementor-element-715eeef9 elementor-widget elementor-widget-text-editor\" data-id=\"715eeef9\" data-element_type=\"widget\" data-e-type=\"widget\" data-widget_type=\"text-editor.default\">\n\t\t\t\t<div class=\"elementor-widget-container\">\n\t\t\t\t\t\t\t\t\t<p><strong>BARCELONA<\/strong><br \/><a href=\"https:\/\/www.google.com\/maps\/place\/PLAAT\/@41.4695835,2.0621428,17z\/data=!3m1!4b1!4m6!3m5!1s0x12a49140b0e812c7:0x8f3361aa2ceafac0!8m2!3d41.4695835!4d2.0621428!16s%2Fg%2F1td44hvh?hl=es&amp;entry=ttu&amp;g_ep=EgoyMDI1MDUxMS4wIKXMDSoASAFQAw%3D%3D\" target=\"_blank\" rel=\"noopener\">Pla\u00e7a d&#8217;Ausi\u00e0s March, 1, P2 D1<br \/>\n08195 Sant Cugat del Vall\u00e8s<\/a><br \/><a href=\"tel:+34 93 674 37 88\" target=\"_blank\" rel=\"noopener\">+34 93 674 37 88<\/a><br \/><a href=\"mailto:plaat@plaat.es\" target=\"_blank\" rel=\"noopener\">plaat@plaat.es<\/a><\/p>\n\t\t\t\t\t\t\t\t<\/div>\n\t\t\t\t<\/div>\n\t\t\t\t<\/div>\n\t\t<div class=\"elementor-element elementor-element-386ce2c6 e-con-full e-flex e-con e-child\" data-id=\"386ce2c6\" data-element_type=\"container\" data-e-type=\"container\">\n\t\t\t\t<div class=\"elementor-element elementor-element-1b9252a3 elementor-widget elementor-widget-text-editor\" data-id=\"1b9252a3\" data-element_type=\"widget\" data-e-type=\"widget\" data-widget_type=\"text-editor.default\">\n\t\t\t\t<div class=\"elementor-widget-container\">\n\t\t\t\t\t\t\t\t\t<p><strong>MADRID<\/strong><br \/><a href=\"https:\/\/maps.app.goo.gl\/d4S5u4jNE3pYFPsE7\" target=\"_blank\" rel=\"noopener\">Calle M\u00e9ndez \u00c1lvaro, 20, P4 D409<br \/>28045 Madrid<\/a><br \/><a href=\"tel:+34 91 989 31 03\" target=\"_blank\" rel=\"noopener\">+34 91 989 31 03<\/a><br \/><a href=\"mailto:plaat@plaat.es\" target=\"_blank\" rel=\"noopener\">plaat@plaat.es<\/a><\/p>\n\t\t\t\t\t\t\t\t<\/div>\n\t\t\t\t<\/div>\n\t\t\t\t<\/div>\n\t\t\t\t\t<\/div>\n\t\t\t\t<\/div>\n\t\t<div class=\"elementor-element elementor-element-1abedd21 e-flex e-con-boxed e-con e-parent\" data-id=\"1abedd21\" data-element_type=\"container\" data-e-type=\"container\">\n\t\t\t\t\t<div class=\"e-con-inner\">\n\t\t<div class=\"elementor-element elementor-element-5c3b75af e-con-full e-flex e-con e-child\" data-id=\"5c3b75af\" data-element_type=\"container\" data-e-type=\"container\">\n\t\t\t\t<div class=\"elementor-element elementor-element-2d7e988d elementor-widget elementor-widget-heading\" data-id=\"2d7e988d\" data-element_type=\"widget\" data-e-type=\"widget\" data-widget_type=\"heading.default\">\n\t\t\t\t<div class=\"elementor-widget-container\">\n\t\t\t\t\t<h2 class=\"elementor-heading-title elementor-size-default\">Contacte<\/h2>\t\t\t\t<\/div>\n\t\t\t\t<\/div>\n\t\t\t\t<\/div>\n\t\t<div class=\"elementor-element elementor-element-e7fda08 e-con-full e-flex e-con e-child\" data-id=\"e7fda08\" data-element_type=\"container\" data-e-type=\"container\">\n\t\t<div class=\"elementor-element elementor-element-1cb22c39 e-con-full e-flex e-con e-child\" data-id=\"1cb22c39\" data-element_type=\"container\" data-e-type=\"container\">\n\t\t\t\t<div class=\"elementor-element elementor-element-461689d elementor-widget elementor-widget-text-editor\" data-id=\"461689d\" data-element_type=\"widget\" data-e-type=\"widget\" data-widget_type=\"text-editor.default\">\n\t\t\t\t<div class=\"elementor-widget-container\">\n\t\t\t\t\t\t\t\t\t<p>Fidels al comprom\u00eds, la integritat i la solv\u00e8ncia professional.<\/p>\n\t\t\t\t\t\t\t\t<\/div>\n\t\t\t\t<\/div>\n\t\t\t\t<\/div>\n\t\t<div class=\"elementor-element elementor-element-6ad3780a e-con-full e-flex e-con e-child\" data-id=\"6ad3780a\" data-element_type=\"container\" data-e-type=\"container\">\n\t\t\t\t<div class=\"elementor-element elementor-element-76ca6ae6 elementor-widget elementor-widget-text-editor\" data-id=\"76ca6ae6\" data-element_type=\"widget\" data-e-type=\"widget\" data-widget_type=\"text-editor.default\">\n\t\t\t\t<div class=\"elementor-widget-container\">\n\t\t\t\t\t\t\t\t\t<p>Parlem del<br \/>teu projecte!<\/p>\n\t\t\t\t\t\t\t\t<\/div>\n\t\t\t\t<\/div>\n\t\t\t\t<div class=\"elementor-element elementor-element-3c4e4171 elementor-button-align-start elementor-widget elementor-widget-form\" data-id=\"3c4e4171\" data-element_type=\"widget\" data-e-type=\"widget\" data-settings=\"{&quot;step_next_label&quot;:&quot;Seg\\u00fcent&quot;,&quot;step_previous_label&quot;:&quot;Anterior&quot;,&quot;step_type&quot;:&quot;none&quot;,&quot;step_icon_shape&quot;:&quot;none&quot;,&quot;button_width&quot;:&quot;100&quot;}\" data-widget_type=\"form.default\">\n\t\t\t\t<div class=\"elementor-widget-container\">\n\t\t\t\t\t\t\t<form class=\"elementor-form\" method=\"post\" id=\"contact_form\" name=\"Formulari de contacte\" aria-label=\"Formulari de contacte\">\n\t\t\t<input type=\"hidden\" name=\"post_id\" value=\"24535\"\/>\n\t\t\t<input type=\"hidden\" name=\"form_id\" value=\"3c4e4171\"\/>\n\t\t\t<input type=\"hidden\" name=\"referer_title\" value=\"Contacte - Plaat.es\" \/>\n\n\t\t\t\t\t\t\t<input type=\"hidden\" name=\"queried_id\" value=\"24535\"\/>\n\t\t\t\n\t\t\t<div class=\"elementor-form-fields-wrapper elementor-labels-\">\n\t\t\t\t\t\t\t\t<div class=\"elementor-field-type-text elementor-field-group elementor-column elementor-field-group-name elementor-col-50 elementor-field-required\">\n\t\t\t\t\t\t\t\t\t\t\t\t<label for=\"form-field-name\" class=\"elementor-field-label elementor-screen-only\">\n\t\t\t\t\t\t\t\tNom\t\t\t\t\t\t\t<\/label>\n\t\t\t\t\t\t\t\t\t\t\t\t\t\t<input size=\"1\" type=\"text\" name=\"form_fields[name]\" id=\"form-field-name\" class=\"elementor-field elementor-size-lg  elementor-field-textual\" placeholder=\"Nom\" required=\"required\">\n\t\t\t\t\t\t\t\t\t\t\t<\/div>\n\t\t\t\t\t\t\t\t<div class=\"elementor-field-type-text elementor-field-group elementor-column elementor-field-group-field_6965852 elementor-col-50\">\n\t\t\t\t\t\t\t\t\t\t\t\t<label for=\"form-field-field_6965852\" class=\"elementor-field-label elementor-screen-only\">\n\t\t\t\t\t\t\t\tTel\u00e8fon\t\t\t\t\t\t\t<\/label>\n\t\t\t\t\t\t\t\t\t\t\t\t\t\t<input size=\"1\" type=\"text\" name=\"form_fields[field_6965852]\" id=\"form-field-field_6965852\" class=\"elementor-field elementor-size-lg  elementor-field-textual\" placeholder=\"Tel\u00e8fon\">\n\t\t\t\t\t\t\t\t\t\t\t<\/div>\n\t\t\t\t\t\t\t\t<div class=\"elementor-field-type-email elementor-field-group elementor-column elementor-field-group-email elementor-col-100 elementor-field-required\">\n\t\t\t\t\t\t\t\t\t\t\t\t<label for=\"form-field-email\" class=\"elementor-field-label elementor-screen-only\">\n\t\t\t\t\t\t\t\tCorreu electr\u00f2nic\t\t\t\t\t\t\t<\/label>\n\t\t\t\t\t\t\t\t\t\t\t\t\t\t<input size=\"1\" type=\"email\" name=\"form_fields[email]\" id=\"form-field-email\" class=\"elementor-field elementor-size-lg  elementor-field-textual\" placeholder=\"Correu electr\u00f2nic\" required=\"required\">\n\t\t\t\t\t\t\t\t\t\t\t<\/div>\n\t\t\t\t\t\t\t\t<div class=\"elementor-field-type-textarea elementor-field-group elementor-column elementor-field-group-message elementor-col-100 elementor-field-required\">\n\t\t\t\t\t\t\t\t\t\t\t\t<label for=\"form-field-message\" class=\"elementor-field-label elementor-screen-only\">\n\t\t\t\t\t\t\t\tMissatge\t\t\t\t\t\t\t<\/label>\n\t\t\t\t\t\t<textarea class=\"elementor-field-textual elementor-field  elementor-size-lg\" name=\"form_fields[message]\" id=\"form-field-message\" rows=\"4\" placeholder=\"Missatge\" required=\"required\"><\/textarea>\t\t\t\t<\/div>\n\t\t\t\t\t\t\t\t<div class=\"elementor-field-type-recaptcha_v3 elementor-field-group elementor-column elementor-field-group-field_467c1fe elementor-col-100 recaptcha_v3-bottomright\">\n\t\t\t\t\t<div class=\"elementor-field\" id=\"form-field-field_467c1fe\"><div class=\"elementor-g-recaptcha\" data-sitekey=\"6LdorKMrAAAAAHM2_oJYOGjnIvaMBCbOlyttCv5R\" data-type=\"v3\" data-action=\"Form\" data-badge=\"bottomright\" data-size=\"invisible\"><\/div><\/div>\t\t\t\t<\/div>\n\t\t\t\t\t\t\t\t<div class=\"elementor-field-group elementor-column elementor-field-type-submit elementor-col-100 e-form__buttons\">\n\t\t\t\t\t<button class=\"elementor-button elementor-size-sm\" type=\"submit\">\n\t\t\t\t\t\t<span class=\"elementor-button-content-wrapper\">\n\t\t\t\t\t\t\t\t\t\t\t\t\t\t\t<span class=\"elementor-button-icon\">\n\t\t\t\t\t\t\t\t\t<svg xmlns=\"http:\/\/www.w3.org\/2000\/svg\" width=\"51\" height=\"50\" viewBox=\"0 0 51 50\" fill=\"none\"><path d=\"M3 47.0918L48.0918 2\" stroke=\"#1E1E1F\" stroke-width=\"4\"><\/path><path d=\"M7.0918 2H48.0918V43\" stroke=\"#1E1E1F\" stroke-width=\"4\"><\/path><\/svg>\t\t\t\t\t\t\t\t\t\t\t\t\t\t\t\t\t<\/span>\n\t\t\t\t\t\t\t\t\t\t\t\t\t\t\t\t\t\t\t\t\t\t<span class=\"elementor-button-text\">Contactar<\/span>\n\t\t\t\t\t\t\t\t\t\t\t\t\t<\/span>\n\t\t\t\t\t<\/button>\n\t\t\t\t<\/div>\n\t\t\t<\/div>\n\t\t<\/form>\n\t\t\t\t\t\t<\/div>\n\t\t\t\t<\/div>\n\t\t\t\t<\/div>\n\t\t\t\t<\/div>\n\t\t\t\t\t<\/div>\n\t\t\t\t<\/div>\n\t\t<div class=\"elementor-element elementor-element-6769ed94 e-flex e-con-boxed e-con e-parent\" data-id=\"6769ed94\" data-element_type=\"container\" data-e-type=\"container\">\n\t\t\t\t\t<div class=\"e-con-inner\">\n\t\t<div class=\"elementor-element elementor-element-281689cd e-con-full e-flex e-con e-child\" data-id=\"281689cd\" data-element_type=\"container\" data-e-type=\"container\">\n\t\t\t\t<div class=\"elementor-element elementor-element-28669f5e elementor-widget elementor-widget-heading\" data-id=\"28669f5e\" data-element_type=\"widget\" data-e-type=\"widget\" data-widget_type=\"heading.default\">\n\t\t\t\t<div class=\"elementor-widget-container\">\n\t\t\t\t\t<h2 class=\"elementor-heading-title elementor-size-default\">Uneix-te al nostre equip<\/h2>\t\t\t\t<\/div>\n\t\t\t\t<\/div>\n\t\t\t\t<div class=\"elementor-element elementor-element-15891846 elementor-widget elementor-widget-text-editor\" data-id=\"15891846\" data-element_type=\"widget\" data-e-type=\"widget\" data-widget_type=\"text-editor.default\">\n\t\t\t\t<div class=\"elementor-widget-container\">\n\t\t\t\t\t\t\t\t\t<p>PLAAT \u00e9s un equip multidisciplinari de professionals que aborden cada projecte amb rigor, dedicaci\u00f3 i sobretot passi\u00f3 per la professi\u00f3.<\/p>\n\t\t\t\t\t\t\t\t<\/div>\n\t\t\t\t<\/div>\n\t\t\t\t<\/div>\n\t\t<div class=\"elementor-element elementor-element-fe6b4d1 e-con-full e-flex e-con e-child\" data-id=\"fe6b4d1\" data-element_type=\"container\" data-e-type=\"container\">\n\t\t\t\t<div class=\"elementor-element elementor-element-2d5208e0 elementor-widget elementor-widget-heading\" data-id=\"2d5208e0\" data-element_type=\"widget\" data-e-type=\"widget\" data-widget_type=\"heading.default\">\n\t\t\t\t<div class=\"elementor-widget-container\">\n\t\t\t\t\t<h4 class=\"elementor-heading-title elementor-size-default\"> Vols formar part de Plaat?<\/h4>\t\t\t\t<\/div>\n\t\t\t\t<\/div>\n\t\t\t\t<div class=\"elementor-element elementor-element-1e988952 elementor-align-center elementor-widget elementor-widget-button\" data-id=\"1e988952\" data-element_type=\"widget\" data-e-type=\"widget\" data-widget_type=\"button.default\">\n\t\t\t\t<div class=\"elementor-widget-container\">\n\t\t\t\t\t\t\t\t\t<div class=\"elementor-button-wrapper\">\n\t\t\t\t\t<a class=\"elementor-button elementor-button-link elementor-size-sm\" href=\"https:\/\/plaat.es\/ca\/unete-al-equipo\/\">\n\t\t\t\t\t\t<span class=\"elementor-button-content-wrapper\">\n\t\t\t\t\t\t<span class=\"elementor-button-icon\">\n\t\t\t\t<svg xmlns=\"http:\/\/www.w3.org\/2000\/svg\" width=\"51\" height=\"50\" viewBox=\"0 0 51 50\" fill=\"none\"><path d=\"M3 47.0918L48.0918 2\" stroke=\"#1E1E1F\" stroke-width=\"4\"><\/path><path d=\"M7.0918 2H48.0918V43\" stroke=\"#1E1E1F\" stroke-width=\"4\"><\/path><\/svg>\t\t\t<\/span>\n\t\t\t\t\t\t\t\t\t<span class=\"elementor-button-text\"> Continuar<\/span>\n\t\t\t\t\t<\/span>\n\t\t\t\t\t<\/a>\n\t\t\t\t<\/div>\n\t\t\t\t\t\t\t\t<\/div>\n\t\t\t\t<\/div>\n\t\t\t\t<\/div>\n\t\t\t\t\t<\/div>\n\t\t\t\t<\/div>\n\t\t\t\t<\/div>\n\t\t","protected":false},"excerpt":{"rendered":"<p>BARCELONAPla\u00e7a d&#8217;Ausi\u00e0s March, 1, P2 D1 08195 Sant Cugat del Vall\u00e8s+34 93 674 37 88plaat@plaat.es MADRIDCalle M\u00e9ndez \u00c1lvaro, 20, P4 D40928045 Madrid+34 91 989 31 03plaat@plaat.es Contacte Fidels al comprom\u00eds, la integritat i la solv\u00e8ncia professional. Parlem delteu projecte! Uneix-te al nostre equip PLAAT \u00e9s un equip multidisciplinari de professionals que aborden cada projecte amb [&hellip;]<\/p>\n","protected":false},"author":13,"featured_media":0,"parent":0,"menu_order":0,"comment_status":"closed","ping_status":"closed","template":"","meta":{"_acf_changed":false,"footnotes":""},"class_list":["post-24535","page","type-page","status-publish","hentry"],"acf":[],"yoast_head":"<!-- This site is optimized with the Yoast SEO plugin v27.4 - https:\/\/yoast.com\/product\/yoast-seo-wordpress\/ -->\n<title>Contacte - Plaat.es<\/title>\n<meta name=\"robots\" content=\"index, follow, max-snippet:-1, max-image-preview:large, max-video-preview:-1\" \/>\n<link rel=\"canonical\" href=\"https:\/\/plaat.es\/contacto\/\" \/>\n<meta property=\"og:locale\" content=\"ca_ES\" \/>\n<meta property=\"og:type\" content=\"article\" \/>\n<meta property=\"og:title\" content=\"Contacte - Plaat.es\" \/>\n<meta property=\"og:description\" content=\"BARCELONAPla\u00e7a d&#8217;Ausi\u00e0s March, 1, P2 D1 08195 Sant Cugat del Vall\u00e8s+34 93 674 37 88plaat@plaat.es MADRIDCalle M\u00e9ndez \u00c1lvaro, 20, P4 D40928045 Madrid+34 91 989 31 03plaat@plaat.es Contacte Fidels al comprom\u00eds, la integritat i la solv\u00e8ncia professional. Parlem delteu projecte! Uneix-te al nostre equip PLAAT \u00e9s un equip multidisciplinari de professionals que aborden cada projecte amb [&hellip;]\" \/>\n<meta property=\"og:url\" content=\"https:\/\/plaat.es\/contacto\/\" \/>\n<meta property=\"og:site_name\" content=\"Plaat.es\" \/>\n<meta property=\"article:modified_time\" content=\"2026-01-28T08:38:28+00:00\" \/>\n<meta name=\"twitter:card\" content=\"summary_large_image\" \/>\n<meta name=\"twitter:label1\" content=\"Temps estimat de lectura\" \/>\n\t<meta name=\"twitter:data1\" content=\"1 minut\" \/>\n<!-- \/ Yoast SEO plugin. -->","yoast_head_json":{"title":"Contacte - Plaat.es","robots":{"index":"index","follow":"follow","max-snippet":"max-snippet:-1","max-image-preview":"max-image-preview:large","max-video-preview":"max-video-preview:-1"},"canonical":"https:\/\/plaat.es\/contacto\/","og_locale":"ca_ES","og_type":"article","og_title":"Contacte - Plaat.es","og_description":"BARCELONAPla\u00e7a d&#8217;Ausi\u00e0s March, 1, P2 D1 08195 Sant Cugat del Vall\u00e8s+34 93 674 37 88plaat@plaat.es MADRIDCalle M\u00e9ndez \u00c1lvaro, 20, P4 D40928045 Madrid+34 91 989 31 03plaat@plaat.es Contacte Fidels al comprom\u00eds, la integritat i la solv\u00e8ncia professional. Parlem delteu projecte! Uneix-te al nostre equip PLAAT \u00e9s un equip multidisciplinari de professionals que aborden cada projecte amb [&hellip;]","og_url":"https:\/\/plaat.es\/contacto\/","og_site_name":"Plaat.es","article_modified_time":"2026-01-28T08:38:28+00:00","twitter_card":"summary_large_image","twitter_misc":{"Temps estimat de lectura":"1 minut"},"schema":{"@context":"https:\/\/schema.org","@graph":[{"@type":"WebPage","@id":"https:\/\/plaat.es\/contacto\/","url":"https:\/\/plaat.es\/contacto\/","name":"Contacte - Plaat.es","isPartOf":{"@id":"https:\/\/plaat.es\/#website"},"datePublished":"2024-10-22T09:53:40+00:00","dateModified":"2026-01-28T08:38:28+00:00","breadcrumb":{"@id":"https:\/\/plaat.es\/contacto\/#breadcrumb"},"inLanguage":"ca","potentialAction":[{"@type":"ReadAction","target":["https:\/\/plaat.es\/contacto\/"]}]},{"@type":"BreadcrumbList","@id":"https:\/\/plaat.es\/contacto\/#breadcrumb","itemListElement":[{"@type":"ListItem","position":1,"name":"Portada","item":"https:\/\/plaat.es\/"},{"@type":"ListItem","position":2,"name":"Contacte"}]},{"@type":"WebSite","@id":"https:\/\/plaat.es\/#website","url":"https:\/\/plaat.es\/","name":"Plaat.es","description":"Fundada y dirigida por Xavier Pla","publisher":{"@id":"https:\/\/plaat.es\/#organization"},"potentialAction":[{"@type":"SearchAction","target":{"@type":"EntryPoint","urlTemplate":"https:\/\/plaat.es\/?s={search_term_string}"},"query-input":{"@type":"PropertyValueSpecification","valueRequired":true,"valueName":"search_term_string"}}],"inLanguage":"ca"},{"@type":"Organization","@id":"https:\/\/plaat.es\/#organization","name":"Plaat","url":"https:\/\/plaat.es\/","logo":{"@type":"ImageObject","inLanguage":"ca","@id":"https:\/\/plaat.es\/#\/schema\/logo\/image\/","url":"https:\/\/plaat.es\/wp-content\/uploads\/2020\/11\/Logo_Plaat-01-scaled.jpg","contentUrl":"https:\/\/plaat.es\/wp-content\/uploads\/2020\/11\/Logo_Plaat-01-scaled.jpg","width":2560,"height":1493,"caption":"Plaat"},"image":{"@id":"https:\/\/plaat.es\/#\/schema\/logo\/image\/"}}]}},"_links":{"self":[{"href":"https:\/\/plaat.es\/ca\/wp-json\/wp\/v2\/pages\/24535","targetHints":{"allow":["GET"]}}],"collection":[{"href":"https:\/\/plaat.es\/ca\/wp-json\/wp\/v2\/pages"}],"about":[{"href":"https:\/\/plaat.es\/ca\/wp-json\/wp\/v2\/types\/page"}],"author":[{"embeddable":true,"href":"https:\/\/plaat.es\/ca\/wp-json\/wp\/v2\/users\/13"}],"replies":[{"embeddable":true,"href":"https:\/\/plaat.es\/ca\/wp-json\/wp\/v2\/comments?post=24535"}],"version-history":[{"count":5,"href":"https:\/\/plaat.es\/ca\/wp-json\/wp\/v2\/pages\/24535\/revisions"}],"predecessor-version":[{"id":28070,"href":"https:\/\/plaat.es\/ca\/wp-json\/wp\/v2\/pages\/24535\/revisions\/28070"}],"wp:attachment":[{"href":"https:\/\/plaat.es\/ca\/wp-json\/wp\/v2\/media?parent=24535"}],"curies":[{"name":"wp","href":"https:\/\/api.w.org\/{rel}","templated":true}]}}